{"id":11,"date":"2022-03-25T16:25:19","date_gmt":"2022-03-25T15:25:19","guid":{"rendered":"https:\/\/uasevent.hautsdefrance.cci.fr\/pepinieres-amiens\/?page_id=11"},"modified":"2024-11-22T14:40:04","modified_gmt":"2024-11-22T13:40:04","slug":"cookies","status":"publish","type":"page","link":"https:\/\/uasevent.hautsdefrance.cci.fr\/pepinieres-amiens\/cookies\/","title":{"rendered":"Cookies"},"content":{"rendered":"<p>[vc_row][vc_column][vc_column_text]<\/p>\n<h3><span style=\"color: #373cf5;\"><strong>Les cookies de la cat\u00e9gorie \u00ab\u00a0Interne n\u00e9cessaire au fonctionnement du site\u00a0\u00bb<\/strong><\/span><\/h3>\n<div><strong>Ces cookies sont n\u00e9cessaires au bon fonctionnement de notre site web. Cette cat\u00e9gorie ne comprend que les cookies qui assurent les fonctionnalit\u00e9s de base du site.<\/strong><\/div>\n<div><\/div>\n<div><table class=\"wt-cli-element cookielawinfo-row-cat-table cookielawinfo-classic\"><thead><tr><th scope=\"col\" class=\"cookielawinfo-column-1\">Cookie<\/th><th scope=\"col\" class=\"cookielawinfo-column-3\">Dur\u00e9e<\/th><th scope=\"col\" class=\"cookielawinfo-column-4\">Description<\/th><\/tr><\/thead><tbody><tr class=\"cookielawinfo-row\"><td class=\"cookielawinfo-column-1\">cookielawinfo-checbox-analytics<\/td><td class=\"cookielawinfo-column-3\">11 months<\/td><td class=\"cookielawinfo-column-4\">D\u00e9fini par le plugin GDPR Cookie Consent, ce cookie enregistre le consentement de l'utilisateur pour les cookies de la cat\u00e9gorie \u00ab Analytics \u00bb.<\/td><\/tr><tr class=\"cookielawinfo-row\"><td class=\"cookielawinfo-column-1\">cookielawinfo-checbox-functional<\/td><td class=\"cookielawinfo-column-3\">11 months<\/td><td class=\"cookielawinfo-column-4\">Le cookie est d\u00e9fini par le GDPR cookie consent pour enregistrer le consentement de l'utilisateur pour les cookies de la cat\u00e9gorie \u00ab Fonctionnel \u00bb.<\/td><\/tr><tr class=\"cookielawinfo-row\"><td class=\"cookielawinfo-column-1\">cookielawinfo-checbox-others<\/td><td class=\"cookielawinfo-column-3\">11 months<\/td><td class=\"cookielawinfo-column-4\">D\u00e9fini par le plugin GDPR Cookie Consent, ce cookie stocke le consentement de l'utilisateur pour les cookies de la cat\u00e9gorie \u00ab Autres \u00bb.<\/td><\/tr><tr class=\"cookielawinfo-row\"><td class=\"cookielawinfo-column-1\">cookielawinfo-checkbox-necessary<\/td><td class=\"cookielawinfo-column-3\">11 months<\/td><td class=\"cookielawinfo-column-4\">Ce cookie est d\u00e9fini par le plugin \"GDPR Cookie Consent\". Il est utilis\u00e9 pour stocker le consentement de l'utilisateur pour les cookies dans la cat\u00e9gorie \"Interne n\u00e9cessaire au fonctionnement du site\".<\/td><\/tr><tr class=\"cookielawinfo-row\"><td class=\"cookielawinfo-column-1\">cookielawinfo-checkbox-performance<\/td><td class=\"cookielawinfo-column-3\">11 months<\/td><td class=\"cookielawinfo-column-4\">Ce cookie est d\u00e9fini par le plugin GDPR Cookie Consent. Ce cookie est utilis\u00e9 pour stocker le consentement de l'utilisateur pour les cookies de la cat\u00e9gorie \u00ab Performance \u00bb.<\/td><\/tr><tr class=\"cookielawinfo-row\"><td class=\"cookielawinfo-column-1\">viewed_cookie_policy<\/td><td class=\"cookielawinfo-column-3\">11 months<\/td><td class=\"cookielawinfo-column-4\">Ce cookie est utilis\u00e9 pour enregistrer votre consentement ou refus de d\u00e9p\u00f4t de cookies. Il ne contient aucune donn\u00e9e personnelle.<\/td><\/tr><\/tbody><\/table><\/div>\n<div><\/div>\n<div><\/div>\n<div>\n<h3><span style=\"color: #373cf5;\"><strong>Les cookies de la cat\u00e9gorie \u00ab\u00a0Performance et fonctionnel\u00a0\u00bb<\/strong><\/span><\/h3>\n<div><strong>Ces cookies sont utilis\u00e9s pour \u00e9valuer et am\u00e9liorer la performance du site ou des serveurs. Il peuvent m\u00e9moriser vos choix de navigation et de configuration pour vous faire gagner du temps et am\u00e9liorer votre s\u00e9curit\u00e9.<\/strong><\/div>\n<div><\/div>\n<div><\/div>\n<\/div>\n<div><\/div>\n<div><\/div>\n<h3><span style=\"color: #373cf5;\"><strong>Les cookies de la cat\u00e9gorie \u00ab\u00a0Mesure et analyse de l&rsquo;audience\u00a0\u00bb<\/strong><\/span><\/h3>\n<div><strong>Les cookies d&rsquo;analyse sont utilis\u00e9s pour comprendre comment les visiteurs interagissent avec notre site. Ces cookies aident \u00e0 fournir des informations anonymis\u00e9es telles que le nombre de visiteurs du site, les sources de trafic, le taux de rebond etc.<\/strong><\/div>\n<div><\/div>\n<div><\/div>\n<div><\/div>\n<div><\/div>\n<h3><span style=\"color: #373cf5;\"><strong>Les cookies de la cat\u00e9gorie \u00ab\u00a0Contenus publicitaires\u00a0\u00bb<\/strong><\/span><\/h3>\n<div><strong>Les cookies publicitaires sont utiles pour offrir aux internautes des publicit\u00e9s et campagnes marketing cibl\u00e9es. Ces cookies suivent la navigation des internautes sur le web.<\/strong><\/div>\n<div><\/div>\n<div><\/div>\n<p>[\/vc_column_text][\/vc_column][\/vc_row]<\/p>\n","protected":false},"excerpt":{"rendered":"<p>Consultez la liste des cookies disponibles sur le site. <\/p>\n","protected":false},"author":2293,"featured_media":0,"parent":0,"menu_order":0,"comment_status":"closed","ping_status":"closed","template":"","meta":[],"acf":[],"yoast_head":"<!-- This site is optimized with the Yoast SEO plugin v20.6 - https:\/\/yoast.com\/wordpress\/plugins\/seo\/ -->\n<title>Cookies - P\u00e9pini\u00e8res d\u2019entreprises Amiens-Picardie<\/title>\n<meta name=\"robots\" content=\"index, follow, max-snippet:-1, max-image-preview:large, max-video-preview:-1\" \/>\n<link rel=\"canonical\" href=\"https:\/\/pepinieres-amiens.com\/cookies\/\" \/>\n<meta property=\"og:locale\" content=\"fr_FR\" \/>\n<meta property=\"og:type\" content=\"article\" \/>\n<meta property=\"og:title\" content=\"Cookies - P\u00e9pini\u00e8res d\u2019entreprises Amiens-Picardie\" \/>\n<meta property=\"og:description\" content=\"Consultez la liste des cookies disponibles sur le site.\" \/>\n<meta property=\"og:url\" content=\"https:\/\/pepinieres-amiens.com\/cookies\/\" \/>\n<meta property=\"og:site_name\" content=\"P\u00e9pini\u00e8res d\u2019entreprises Amiens-Picardie\" \/>\n<meta property=\"article:modified_time\" content=\"2024-11-22T13:40:04+00:00\" \/>\n<meta name=\"twitter:card\" content=\"summary_large_image\" \/>\n<meta name=\"twitter:label1\" content=\"Dur\u00e9e de lecture estim\u00e9e\" \/>\n\t<meta name=\"twitter:data1\" content=\"1 minute\" \/>\n<script type=\"application\/ld+json\" class=\"yoast-schema-graph\">{\"@context\":\"https:\/\/schema.org\",\"@graph\":[{\"@type\":\"WebPage\",\"@id\":\"https:\/\/pepinieres-amiens.com\/cookies\/\",\"url\":\"https:\/\/pepinieres-amiens.com\/cookies\/\",\"name\":\"Cookies - P\u00e9pini\u00e8res d\u2019entreprises Amiens-Picardie\",\"isPartOf\":{\"@id\":\"https:\/\/pepinieres-amiens.com\/#website\"},\"datePublished\":\"2022-03-25T15:25:19+00:00\",\"dateModified\":\"2024-11-22T13:40:04+00:00\",\"breadcrumb\":{\"@id\":\"https:\/\/pepinieres-amiens.com\/cookies\/#breadcrumb\"},\"inLanguage\":\"fr-FR\",\"potentialAction\":[{\"@type\":\"ReadAction\",\"target\":[\"https:\/\/pepinieres-amiens.com\/cookies\/\"]}]},{\"@type\":\"BreadcrumbList\",\"@id\":\"https:\/\/pepinieres-amiens.com\/cookies\/#breadcrumb\",\"itemListElement\":[{\"@type\":\"ListItem\",\"position\":1,\"name\":\"Accueil\",\"item\":\"https:\/\/pepinieres-amiens.com\/\"},{\"@type\":\"ListItem\",\"position\":2,\"name\":\"Cookies\"}]},{\"@type\":\"WebSite\",\"@id\":\"https:\/\/pepinieres-amiens.com\/#website\",\"url\":\"https:\/\/pepinieres-amiens.com\/\",\"name\":\"P\u00e9pini\u00e8res d\u2019entreprises Amiens-Picardie\",\"description\":\"Un site du r\u00e9seau CCI Hauts-de-France\",\"potentialAction\":[{\"@type\":\"SearchAction\",\"target\":{\"@type\":\"EntryPoint\",\"urlTemplate\":\"https:\/\/pepinieres-amiens.com\/?s={search_term_string}\"},\"query-input\":\"required name=search_term_string\"}],\"inLanguage\":\"fr-FR\"}]}<\/script>\n<!-- \/ Yoast SEO plugin. -->","yoast_head_json":{"title":"Cookies - P\u00e9pini\u00e8res d\u2019entreprises Amiens-Picardie","robots":{"index":"index","follow":"follow","max-snippet":"max-snippet:-1","max-image-preview":"max-image-preview:large","max-video-preview":"max-video-preview:-1"},"canonical":"https:\/\/pepinieres-amiens.com\/cookies\/","og_locale":"fr_FR","og_type":"article","og_title":"Cookies - P\u00e9pini\u00e8res d\u2019entreprises Amiens-Picardie","og_description":"Consultez la liste des cookies disponibles sur le site.","og_url":"https:\/\/pepinieres-amiens.com\/cookies\/","og_site_name":"P\u00e9pini\u00e8res d\u2019entreprises Amiens-Picardie","article_modified_time":"2024-11-22T13:40:04+00:00","twitter_card":"summary_large_image","twitter_misc":{"Dur\u00e9e de lecture estim\u00e9e":"1 minute"},"schema":{"@context":"https:\/\/schema.org","@graph":[{"@type":"WebPage","@id":"https:\/\/pepinieres-amiens.com\/cookies\/","url":"https:\/\/pepinieres-amiens.com\/cookies\/","name":"Cookies - P\u00e9pini\u00e8res d\u2019entreprises Amiens-Picardie","isPartOf":{"@id":"https:\/\/pepinieres-amiens.com\/#website"},"datePublished":"2022-03-25T15:25:19+00:00","dateModified":"2024-11-22T13:40:04+00:00","breadcrumb":{"@id":"https:\/\/pepinieres-amiens.com\/cookies\/#breadcrumb"},"inLanguage":"fr-FR","potentialAction":[{"@type":"ReadAction","target":["https:\/\/pepinieres-amiens.com\/cookies\/"]}]},{"@type":"BreadcrumbList","@id":"https:\/\/pepinieres-amiens.com\/cookies\/#breadcrumb","itemListElement":[{"@type":"ListItem","position":1,"name":"Accueil","item":"https:\/\/pepinieres-amiens.com\/"},{"@type":"ListItem","position":2,"name":"Cookies"}]},{"@type":"WebSite","@id":"https:\/\/pepinieres-amiens.com\/#website","url":"https:\/\/pepinieres-amiens.com\/","name":"P\u00e9pini\u00e8res d\u2019entreprises Amiens-Picardie","description":"Un site du r\u00e9seau CCI Hauts-de-France","potentialAction":[{"@type":"SearchAction","target":{"@type":"EntryPoint","urlTemplate":"https:\/\/pepinieres-amiens.com\/?s={search_term_string}"},"query-input":"required name=search_term_string"}],"inLanguage":"fr-FR"}]}},"_links":{"self":[{"href":"https:\/\/uasevent.hautsdefrance.cci.fr\/pepinieres-amiens\/wp-json\/wp\/v2\/pages\/11"}],"collection":[{"href":"https:\/\/uasevent.hautsdefrance.cci.fr\/pepinieres-amiens\/wp-json\/wp\/v2\/pages"}],"about":[{"href":"https:\/\/uasevent.hautsdefrance.cci.fr\/pepinieres-amiens\/wp-json\/wp\/v2\/types\/page"}],"author":[{"embeddable":true,"href":"https:\/\/uasevent.hautsdefrance.cci.fr\/pepinieres-amiens\/wp-json\/wp\/v2\/users\/2293"}],"replies":[{"embeddable":true,"href":"https:\/\/uasevent.hautsdefrance.cci.fr\/pepinieres-amiens\/wp-json\/wp\/v2\/comments?post=11"}],"version-history":[{"count":4,"href":"https:\/\/uasevent.hautsdefrance.cci.fr\/pepinieres-amiens\/wp-json\/wp\/v2\/pages\/11\/revisions"}],"predecessor-version":[{"id":2361,"href":"https:\/\/uasevent.hautsdefrance.cci.fr\/pepinieres-amiens\/wp-json\/wp\/v2\/pages\/11\/revisions\/2361"}],"wp:attachment":[{"href":"https:\/\/uasevent.hautsdefrance.cci.fr\/pepinieres-amiens\/wp-json\/wp\/v2\/media?parent=11"}],"curies":[{"name":"wp","href":"https:\/\/api.w.org\/{rel}","templated":true}]}}